{"id":98,"date":"2017-03-21T08:32:44","date_gmt":"2017-03-21T07:32:44","guid":{"rendered":"http:\/\/www.rc-roethis.at\/Wordpress0815\/?page_id=98"},"modified":"2024-01-19T11:50:25","modified_gmt":"2024-01-19T10:50:25","slug":"links","status":"publish","type":"page","link":"https:\/\/rc-roethis.at\/?page_id=98","title":{"rendered":"Links"},"content":{"rendered":"\n<h4 class=\"wp-block-heading\">Kunstradvereine Vorarlberg<\/h4>\n\n\n\n<ul class=\"wp-block-list\">\n<li><a href=\"http:\/\/www.rc-meiningen.at\/\" target=\"_blank\" rel=\"noopener noreferrer\">RC-Meiningen<\/a><\/li>\n\n\n\n<li><a href=\"http:\/\/www.rv-sulz.at\/\" target=\"_blank\" rel=\"noopener noreferrer\">RV-Sulz<\/a><\/li>\n\n\n\n<li><a href=\"http:\/\/www.rc-hoechst.at\/\" target=\"_blank\" rel=\"noopener noreferrer\">RC-H\u00f6chst<\/a><\/li>\n\n\n\n<li><a href=\"http:\/\/www.rc-gisingen.at\/\" target=\"_blank\" rel=\"noopener noreferrer\">RC-B\u00f6hler Gisingen<\/a><\/li>\n\n\n\n<li><a href=\"http:\/\/www.rc-altenstadt.at\/eins\/\" target=\"_blank\" rel=\"noopener noreferrer\">RC-Altenstadt<\/a><\/li>\n<\/ul>\n\n\n\n<h4 class=\"wp-block-heading\">Radsport-Verband \u00d6sterreich<\/h4>\n\n\n\n<ul class=\"wp-block-list\">\n<li><a href=\"http:\/\/www.radsportverband.at\/\" target=\"_blank\" rel=\"noopener noreferrer\">\u00d6sterreichischer Radsport-Verband<\/a><\/li>\n\n\n\n<li><a href=\"http:\/\/www.radsport-vorarlberg.at\/\" target=\"_blank\" rel=\"noopener noreferrer\">Vorarlberger Radsportverband<\/a><\/li>\n\n\n\n<li><a href=\"https:\/\/www.asvoe-vbg.at\/\" target=\"_blank\" rel=\"noopener noreferrer\">Vorarlberger Sportverband<\/a><\/li>\n\n\n\n<li><a href=\"http:\/\/www.asvoe.at\/\" target=\"_blank\" rel=\"noopener noreferrer\">Allgemeiner Sportverband ASV\u00d6<\/a><\/li>\n<\/ul>\n\n\n\n<h4 class=\"wp-block-heading\">Vereine R\u00f6this<\/h4>\n\n\n\n<ul class=\"wp-block-list\">\n<li><a href=\"http:\/\/www.mv-roethis.at\/\" target=\"_blank\" rel=\"noopener noreferrer\">Musikverein Harmonie R\u00f6this<\/a><\/li>\n\n\n\n<li><a href=\"http:\/\/www.jungmusik.at\/\" target=\"_blank\" rel=\"noopener noreferrer\">Jungmusik Harmonie R\u00f6this<\/a><\/li>\n\n\n\n<li><a href=\"http:\/\/tcvorderland.at\/\" target=\"_blank\" rel=\"noopener noreferrer\">TC-Vorderland<\/a><\/li>\n\n\n\n<li><a href=\"http:\/\/www.sc-roethis.at\/\" target=\"_blank\" rel=\"noopener noreferrer\">SC-R\u00f6this<\/a><\/li>\n<\/ul>\n\n\n\n<p><\/p>\n","protected":false},"excerpt":{"rendered":"<p>Kunstradvereine Vorarlberg Radsport-Verband \u00d6sterreich Vereine R\u00f6this<\/p>\n","protected":false},"author":2,"featured_media":0,"parent":0,"menu_order":0,"comment_status":"closed","ping_status":"closed","template":"","meta":{"ngg_post_thumbnail":0,"footnotes":""},"class_list":["post-98","page","type-page","status-publish","hentry"],"yoast_head":"<!-- This site is optimized with the Yoast SEO plugin v27.2 - https:\/\/yoast.com\/product\/yoast-seo-wordpress\/ -->\n<title>Links - \u00d6AMTC RC R\u00f6this<\/title>\n<meta name=\"robots\" content=\"index, follow, max-snippet:-1, max-image-preview:large, max-video-preview:-1\" \/>\n<link rel=\"canonical\" href=\"https:\/\/rc-roethis.at\/?page_id=98\" \/>\n<meta property=\"og:locale\" content=\"de_DE\" \/>\n<meta property=\"og:type\" content=\"article\" \/>\n<meta property=\"og:title\" content=\"Links - \u00d6AMTC RC R\u00f6this\" \/>\n<meta property=\"og:description\" content=\"Kunstradvereine Vorarlberg Radsport-Verband \u00d6sterreich Vereine R\u00f6this\" \/>\n<meta property=\"og:url\" content=\"https:\/\/rc-roethis.at\/?page_id=98\" \/>\n<meta property=\"og:site_name\" content=\"\u00d6AMTC RC R\u00f6this\" \/>\n<meta property=\"article:modified_time\" content=\"2024-01-19T10:50:25+00:00\" \/>\n<meta name=\"twitter:card\" content=\"summary_large_image\" \/>\n<meta name=\"twitter:label1\" content=\"Gesch\u00e4tzte Lesezeit\" \/>\n\t<meta name=\"twitter:data1\" content=\"1\u00a0Minute\" \/>\n<script type=\"application\/ld+json\" class=\"yoast-schema-graph\">{\"@context\":\"https:\/\/schema.org\",\"@graph\":[{\"@type\":\"WebPage\",\"@id\":\"https:\/\/rc-roethis.at\/?page_id=98\",\"url\":\"https:\/\/rc-roethis.at\/?page_id=98\",\"name\":\"Links - \u00d6AMTC RC R\u00f6this\",\"isPartOf\":{\"@id\":\"https:\/\/rc-roethis.at\/#website\"},\"datePublished\":\"2017-03-21T07:32:44+00:00\",\"dateModified\":\"2024-01-19T10:50:25+00:00\",\"breadcrumb\":{\"@id\":\"https:\/\/rc-roethis.at\/?page_id=98#breadcrumb\"},\"inLanguage\":\"de\",\"potentialAction\":[{\"@type\":\"ReadAction\",\"target\":[\"https:\/\/rc-roethis.at\/?page_id=98\"]}]},{\"@type\":\"BreadcrumbList\",\"@id\":\"https:\/\/rc-roethis.at\/?page_id=98#breadcrumb\",\"itemListElement\":[{\"@type\":\"ListItem\",\"position\":1,\"name\":\"Startseite\",\"item\":\"https:\/\/rc-roethis.at\/\"},{\"@type\":\"ListItem\",\"position\":2,\"name\":\"Links\"}]},{\"@type\":\"WebSite\",\"@id\":\"https:\/\/rc-roethis.at\/#website\",\"url\":\"https:\/\/rc-roethis.at\/\",\"name\":\"\u00d6AMTC RC R\u00f6this\",\"description\":\"Radsportclub\",\"publisher\":{\"@id\":\"https:\/\/rc-roethis.at\/#organization\"},\"potentialAction\":[{\"@type\":\"SearchAction\",\"target\":{\"@type\":\"EntryPoint\",\"urlTemplate\":\"https:\/\/rc-roethis.at\/?s={search_term_string}\"},\"query-input\":{\"@type\":\"PropertyValueSpecification\",\"valueRequired\":true,\"valueName\":\"search_term_string\"}}],\"inLanguage\":\"de\"},{\"@type\":\"Organization\",\"@id\":\"https:\/\/rc-roethis.at\/#organization\",\"name\":\"\u00d6AMTC RC R\u00f6this\",\"url\":\"https:\/\/rc-roethis.at\/\",\"logo\":{\"@type\":\"ImageObject\",\"inLanguage\":\"de\",\"@id\":\"https:\/\/rc-roethis.at\/#\/schema\/logo\/image\/\",\"url\":\"https:\/\/rc-roethis.at\/wp-content\/uploads\/2024\/01\/cropped-RC-Roethis_Logo-1.png\",\"contentUrl\":\"https:\/\/rc-roethis.at\/wp-content\/uploads\/2024\/01\/cropped-RC-Roethis_Logo-1.png\",\"width\":248,\"height\":206,\"caption\":\"\u00d6AMTC RC R\u00f6this\"},\"image\":{\"@id\":\"https:\/\/rc-roethis.at\/#\/schema\/logo\/image\/\"}}]}<\/script>\n<!-- \/ Yoast SEO plugin. -->","yoast_head_json":{"title":"Links - \u00d6AMTC RC R\u00f6this","robots":{"index":"index","follow":"follow","max-snippet":"max-snippet:-1","max-image-preview":"max-image-preview:large","max-video-preview":"max-video-preview:-1"},"canonical":"https:\/\/rc-roethis.at\/?page_id=98","og_locale":"de_DE","og_type":"article","og_title":"Links - \u00d6AMTC RC R\u00f6this","og_description":"Kunstradvereine Vorarlberg Radsport-Verband \u00d6sterreich Vereine R\u00f6this","og_url":"https:\/\/rc-roethis.at\/?page_id=98","og_site_name":"\u00d6AMTC RC R\u00f6this","article_modified_time":"2024-01-19T10:50:25+00:00","twitter_card":"summary_large_image","twitter_misc":{"Gesch\u00e4tzte Lesezeit":"1\u00a0Minute"},"schema":{"@context":"https:\/\/schema.org","@graph":[{"@type":"WebPage","@id":"https:\/\/rc-roethis.at\/?page_id=98","url":"https:\/\/rc-roethis.at\/?page_id=98","name":"Links - \u00d6AMTC RC R\u00f6this","isPartOf":{"@id":"https:\/\/rc-roethis.at\/#website"},"datePublished":"2017-03-21T07:32:44+00:00","dateModified":"2024-01-19T10:50:25+00:00","breadcrumb":{"@id":"https:\/\/rc-roethis.at\/?page_id=98#breadcrumb"},"inLanguage":"de","potentialAction":[{"@type":"ReadAction","target":["https:\/\/rc-roethis.at\/?page_id=98"]}]},{"@type":"BreadcrumbList","@id":"https:\/\/rc-roethis.at\/?page_id=98#breadcrumb","itemListElement":[{"@type":"ListItem","position":1,"name":"Startseite","item":"https:\/\/rc-roethis.at\/"},{"@type":"ListItem","position":2,"name":"Links"}]},{"@type":"WebSite","@id":"https:\/\/rc-roethis.at\/#website","url":"https:\/\/rc-roethis.at\/","name":"\u00d6AMTC RC R\u00f6this","description":"Radsportclub","publisher":{"@id":"https:\/\/rc-roethis.at\/#organization"},"potentialAction":[{"@type":"SearchAction","target":{"@type":"EntryPoint","urlTemplate":"https:\/\/rc-roethis.at\/?s={search_term_string}"},"query-input":{"@type":"PropertyValueSpecification","valueRequired":true,"valueName":"search_term_string"}}],"inLanguage":"de"},{"@type":"Organization","@id":"https:\/\/rc-roethis.at\/#organization","name":"\u00d6AMTC RC R\u00f6this","url":"https:\/\/rc-roethis.at\/","logo":{"@type":"ImageObject","inLanguage":"de","@id":"https:\/\/rc-roethis.at\/#\/schema\/logo\/image\/","url":"https:\/\/rc-roethis.at\/wp-content\/uploads\/2024\/01\/cropped-RC-Roethis_Logo-1.png","contentUrl":"https:\/\/rc-roethis.at\/wp-content\/uploads\/2024\/01\/cropped-RC-Roethis_Logo-1.png","width":248,"height":206,"caption":"\u00d6AMTC RC R\u00f6this"},"image":{"@id":"https:\/\/rc-roethis.at\/#\/schema\/logo\/image\/"}}]}},"_links":{"self":[{"href":"https:\/\/rc-roethis.at\/index.php?rest_route=\/wp\/v2\/pages\/98","targetHints":{"allow":["GET"]}}],"collection":[{"href":"https:\/\/rc-roethis.at\/index.php?rest_route=\/wp\/v2\/pages"}],"about":[{"href":"https:\/\/rc-roethis.at\/index.php?rest_route=\/wp\/v2\/types\/page"}],"author":[{"embeddable":true,"href":"https:\/\/rc-roethis.at\/index.php?rest_route=\/wp\/v2\/users\/2"}],"replies":[{"embeddable":true,"href":"https:\/\/rc-roethis.at\/index.php?rest_route=%2Fwp%2Fv2%2Fcomments&post=98"}],"version-history":[{"count":9,"href":"https:\/\/rc-roethis.at\/index.php?rest_route=\/wp\/v2\/pages\/98\/revisions"}],"predecessor-version":[{"id":4276,"href":"https:\/\/rc-roethis.at\/index.php?rest_route=\/wp\/v2\/pages\/98\/revisions\/4276"}],"wp:attachment":[{"href":"https:\/\/rc-roethis.at\/index.php?rest_route=%2Fwp%2Fv2%2Fmedia&parent=98"}],"curies":[{"name":"wp","href":"https:\/\/api.w.org\/{rel}","templated":true}]}}