{"id":79,"date":"2017-03-21T08:26:12","date_gmt":"2017-03-21T07:26:12","guid":{"rendered":"http:\/\/www.rc-roethis.at\/Wordpress0815\/?page_id=79"},"modified":"2024-01-08T22:40:55","modified_gmt":"2024-01-08T21:40:55","slug":"unser-verein","status":"publish","type":"page","link":"https:\/\/rc-roethis.at\/?page_id=79","title":{"rendered":"Verein"},"content":{"rendered":"\n<h2 class=\"wp-block-heading\">Vorstand<\/h2>\n\n\n\n<figure class=\"wp-block-image size-large is-style-default\"><img loading=\"lazy\" decoding=\"async\" width=\"1024\" height=\"602\" src=\"https:\/\/rc-roethis.at\/wp-content\/uploads\/2024\/01\/IMG_0184_bearbeitet-1024x602.jpg\" alt=\"\" class=\"wp-image-4267\" srcset=\"https:\/\/rc-roethis.at\/wp-content\/uploads\/2024\/01\/IMG_0184_bearbeitet-1024x602.jpg 1024w, https:\/\/rc-roethis.at\/wp-content\/uploads\/2024\/01\/IMG_0184_bearbeitet-300x176.jpg 300w, https:\/\/rc-roethis.at\/wp-content\/uploads\/2024\/01\/IMG_0184_bearbeitet-768x452.jpg 768w, https:\/\/rc-roethis.at\/wp-content\/uploads\/2024\/01\/IMG_0184_bearbeitet-1536x903.jpg 1536w, https:\/\/rc-roethis.at\/wp-content\/uploads\/2024\/01\/IMG_0184_bearbeitet-2048x1204.jpg 2048w\" sizes=\"auto, (max-width: 706px) 89vw, (max-width: 767px) 82vw, 740px\" \/><\/figure>\n\n\n\n<h4 class=\"wp-block-heading\">Kollegiale F\u00fchrung bestehend aus:<\/h4>\n\n\n\n<figure class=\"wp-block-table\"><table class=\"has-fixed-layout\"><thead><tr><th>Name<\/th><th>Aufgabe<\/th><\/tr><\/thead><tbody><tr><td>Sandra Fritsch<\/td><td>Sportliche Leitung<\/td><\/tr><tr><td>Sarah Wagner<\/td><td>Finanzen<\/td><\/tr><tr><td>Marina Lang<\/td><td>Schriftf\u00fchrerin<\/td><\/tr><\/tbody><\/table><\/figure>\n\n\n\n<h4 class=\"wp-block-heading\">Weitere Vorstandsmitglieder:<\/h4>\n\n\n\n<figure class=\"wp-block-table\"><table class=\"has-fixed-layout\"><thead><tr><th>Name<\/th><th>Aufgabe<\/th><\/tr><\/thead><tbody><tr><td>Eveline Oppel<\/td><td>Wirtschaft<\/td><\/tr><tr><td>Nicole Lang<\/td><td>Schriftf\u00fchrerin Stellvertretung<\/td><\/tr><tr><td>Christina Br\u00fcckner<\/td><td>Finanzen Stellvertretung<\/td><\/tr><tr><td>Laura Schnetzer<\/td><td>Beirat<\/td><\/tr><\/tbody><\/table><\/figure>\n\n\n\n<h2 class=\"wp-block-heading\">Chronik<\/h2>\n\n\n\n<p>Aufgrund der Triptik Ausfertigung auf die Fahrr\u00e4der bei Ausfahrten ins Ausland, wurde der Radfahrclub R\u00f6this am 27.10.1923 gegr\u00fcndet. Unter Obmann Ludescher Otto, wurden 4 weitere Personen in den Ausschuss gew\u00e4hlt. Bei T\u00e4tigkeiten f\u00fcr die Vereinsmitglieder und allgemeine Anl\u00e4sse blieb der Verein immer aktiv. So wurde 1925 das 1. Fahrradstrassenrennen durchgef\u00fchrt. 1957 wurde das 1. Blumenkorso (Phantasie) mit einem 3. Rang belohnt. In den Jahren 1958, 1959, 1960 konnten nur 1. R\u00e4nge heimgefahren werden. Ab dem Jahr 1958 wurde aktiv mit dem Saalradsport Kunstrad trainiert. Im April 1967 feierte der RC R\u00f6this seine erste Staatmeisterin. 1 WM Medaille konnte der Verein 1981 verbuchen. Neben WM Silber und Bronze, und EM Bronze konnten viele Staatsmeister, Landesmeister und IMRBV eingefahren werden. Unter Breitensport ist eine Radlergruppe jeden Mittwoch aktiv. Sportlich und kameradschaftlich wird beim Vereinsleben gro\u00dfgeschrieben. So wurde auch 2007 der R\u00f6thner Einradtag ins Leben gerufen. Der Radfahrverein z\u00e4hlt zurzeit stand  Oktober 2009, 110 Mitglieder. Seit der Gr\u00fcndung hatte der Verein 10 Obm\u00e4nner. Seit 2009 ist die Vereinsf\u00fchrung unter der Obfrau Forlen Martine. Ich w\u00fcnschen dem Radfahrclub weiterhin sportliche Erfolge, gute Zusammenarbeit und ein unfallfreies Jahr.<\/p>\n\n\n\n<p>Chronist<\/p>\n\n\n\n<p>Karl Keckeis<\/p>\n","protected":false},"excerpt":{"rendered":"<p>Vorstand Kollegiale F\u00fchrung bestehend aus: Name Aufgabe Sandra Fritsch Sportliche Leitung Sarah Wagner Finanzen Marina Lang Schriftf\u00fchrerin Weitere Vorstandsmitglieder: Name Aufgabe Eveline Oppel Wirtschaft Nicole Lang Schriftf\u00fchrerin Stellvertretung Christina Br\u00fcckner Finanzen Stellvertretung Laura Schnetzer Beirat Chronik Aufgrund der Triptik Ausfertigung auf die Fahrr\u00e4der bei Ausfahrten ins Ausland, wurde der Radfahrclub R\u00f6this am 27.10.1923 gegr\u00fcndet. Unter &hellip; <\/p>\n<p class=\"link-more\"><a href=\"https:\/\/rc-roethis.at\/?page_id=79\" class=\"more-link\"><span class=\"screen-reader-text\">\u201eVerein\u201c <\/span>weiterlesen<\/a><\/p>\n","protected":false},"author":2,"featured_media":0,"parent":0,"menu_order":0,"comment_status":"closed","ping_status":"closed","template":"","meta":{"ngg_post_thumbnail":0,"footnotes":""},"class_list":["post-79","page","type-page","status-publish","hentry"],"yoast_head":"<!-- This site is optimized with the Yoast SEO plugin v27.2 - https:\/\/yoast.com\/product\/yoast-seo-wordpress\/ -->\n<title>Verein - \u00d6AMTC RC R\u00f6this<\/title>\n<meta name=\"robots\" content=\"index, follow, max-snippet:-1, max-image-preview:large, max-video-preview:-1\" \/>\n<link rel=\"canonical\" href=\"https:\/\/rc-roethis.at\/?page_id=79\" \/>\n<meta property=\"og:locale\" content=\"de_DE\" \/>\n<meta property=\"og:type\" content=\"article\" \/>\n<meta property=\"og:title\" content=\"Verein - \u00d6AMTC RC R\u00f6this\" \/>\n<meta property=\"og:description\" content=\"Vorstand Kollegiale F\u00fchrung bestehend aus: Name Aufgabe Sandra Fritsch Sportliche Leitung Sarah Wagner Finanzen Marina Lang Schriftf\u00fchrerin Weitere Vorstandsmitglieder: Name Aufgabe Eveline Oppel Wirtschaft Nicole Lang Schriftf\u00fchrerin Stellvertretung Christina Br\u00fcckner Finanzen Stellvertretung Laura Schnetzer Beirat Chronik Aufgrund der Triptik Ausfertigung auf die Fahrr\u00e4der bei Ausfahrten ins Ausland, wurde der Radfahrclub R\u00f6this am 27.10.1923 gegr\u00fcndet. Unter &hellip; \u201eVerein\u201c weiterlesen\" \/>\n<meta property=\"og:url\" content=\"https:\/\/rc-roethis.at\/?page_id=79\" \/>\n<meta property=\"og:site_name\" content=\"\u00d6AMTC RC R\u00f6this\" \/>\n<meta property=\"article:modified_time\" content=\"2024-01-08T21:40:55+00:00\" \/>\n<meta property=\"og:image\" content=\"https:\/\/rc-roethis.at\/wp-content\/uploads\/2024\/01\/IMG_0184_bearbeitet-1024x602.jpg\" \/>\n<meta name=\"twitter:card\" content=\"summary_large_image\" \/>\n<script type=\"application\/ld+json\" class=\"yoast-schema-graph\">{\"@context\":\"https:\/\/schema.org\",\"@graph\":[{\"@type\":\"WebPage\",\"@id\":\"https:\/\/rc-roethis.at\/?page_id=79\",\"url\":\"https:\/\/rc-roethis.at\/?page_id=79\",\"name\":\"Verein - \u00d6AMTC RC R\u00f6this\",\"isPartOf\":{\"@id\":\"https:\/\/rc-roethis.at\/#website\"},\"primaryImageOfPage\":{\"@id\":\"https:\/\/rc-roethis.at\/?page_id=79#primaryimage\"},\"image\":{\"@id\":\"https:\/\/rc-roethis.at\/?page_id=79#primaryimage\"},\"thumbnailUrl\":\"https:\/\/rc-roethis.at\/wp-content\/uploads\/2024\/01\/IMG_0184_bearbeitet-1024x602.jpg\",\"datePublished\":\"2017-03-21T07:26:12+00:00\",\"dateModified\":\"2024-01-08T21:40:55+00:00\",\"breadcrumb\":{\"@id\":\"https:\/\/rc-roethis.at\/?page_id=79#breadcrumb\"},\"inLanguage\":\"de\",\"potentialAction\":[{\"@type\":\"ReadAction\",\"target\":[\"https:\/\/rc-roethis.at\/?page_id=79\"]}]},{\"@type\":\"ImageObject\",\"inLanguage\":\"de\",\"@id\":\"https:\/\/rc-roethis.at\/?page_id=79#primaryimage\",\"url\":\"https:\/\/rc-roethis.at\/wp-content\/uploads\/2024\/01\/IMG_0184_bearbeitet-scaled.jpg\",\"contentUrl\":\"https:\/\/rc-roethis.at\/wp-content\/uploads\/2024\/01\/IMG_0184_bearbeitet-scaled.jpg\",\"width\":2560,\"height\":1505},{\"@type\":\"BreadcrumbList\",\"@id\":\"https:\/\/rc-roethis.at\/?page_id=79#breadcrumb\",\"itemListElement\":[{\"@type\":\"ListItem\",\"position\":1,\"name\":\"Startseite\",\"item\":\"https:\/\/rc-roethis.at\/\"},{\"@type\":\"ListItem\",\"position\":2,\"name\":\"Verein\"}]},{\"@type\":\"WebSite\",\"@id\":\"https:\/\/rc-roethis.at\/#website\",\"url\":\"https:\/\/rc-roethis.at\/\",\"name\":\"\u00d6AMTC RC R\u00f6this\",\"description\":\"Radsportclub\",\"publisher\":{\"@id\":\"https:\/\/rc-roethis.at\/#organization\"},\"potentialAction\":[{\"@type\":\"SearchAction\",\"target\":{\"@type\":\"EntryPoint\",\"urlTemplate\":\"https:\/\/rc-roethis.at\/?s={search_term_string}\"},\"query-input\":{\"@type\":\"PropertyValueSpecification\",\"valueRequired\":true,\"valueName\":\"search_term_string\"}}],\"inLanguage\":\"de\"},{\"@type\":\"Organization\",\"@id\":\"https:\/\/rc-roethis.at\/#organization\",\"name\":\"\u00d6AMTC RC R\u00f6this\",\"url\":\"https:\/\/rc-roethis.at\/\",\"logo\":{\"@type\":\"ImageObject\",\"inLanguage\":\"de\",\"@id\":\"https:\/\/rc-roethis.at\/#\/schema\/logo\/image\/\",\"url\":\"https:\/\/rc-roethis.at\/wp-content\/uploads\/2024\/01\/cropped-RC-Roethis_Logo-1.png\",\"contentUrl\":\"https:\/\/rc-roethis.at\/wp-content\/uploads\/2024\/01\/cropped-RC-Roethis_Logo-1.png\",\"width\":248,\"height\":206,\"caption\":\"\u00d6AMTC RC R\u00f6this\"},\"image\":{\"@id\":\"https:\/\/rc-roethis.at\/#\/schema\/logo\/image\/\"}}]}<\/script>\n<!-- \/ Yoast SEO plugin. -->","yoast_head_json":{"title":"Verein - \u00d6AMTC RC R\u00f6this","robots":{"index":"index","follow":"follow","max-snippet":"max-snippet:-1","max-image-preview":"max-image-preview:large","max-video-preview":"max-video-preview:-1"},"canonical":"https:\/\/rc-roethis.at\/?page_id=79","og_locale":"de_DE","og_type":"article","og_title":"Verein - \u00d6AMTC RC R\u00f6this","og_description":"Vorstand Kollegiale F\u00fchrung bestehend aus: Name Aufgabe Sandra Fritsch Sportliche Leitung Sarah Wagner Finanzen Marina Lang Schriftf\u00fchrerin Weitere Vorstandsmitglieder: Name Aufgabe Eveline Oppel Wirtschaft Nicole Lang Schriftf\u00fchrerin Stellvertretung Christina Br\u00fcckner Finanzen Stellvertretung Laura Schnetzer Beirat Chronik Aufgrund der Triptik Ausfertigung auf die Fahrr\u00e4der bei Ausfahrten ins Ausland, wurde der Radfahrclub R\u00f6this am 27.10.1923 gegr\u00fcndet. Unter &hellip; \u201eVerein\u201c weiterlesen","og_url":"https:\/\/rc-roethis.at\/?page_id=79","og_site_name":"\u00d6AMTC RC R\u00f6this","article_modified_time":"2024-01-08T21:40:55+00:00","og_image":[{"url":"https:\/\/rc-roethis.at\/wp-content\/uploads\/2024\/01\/IMG_0184_bearbeitet-1024x602.jpg","type":"","width":"","height":""}],"twitter_card":"summary_large_image","schema":{"@context":"https:\/\/schema.org","@graph":[{"@type":"WebPage","@id":"https:\/\/rc-roethis.at\/?page_id=79","url":"https:\/\/rc-roethis.at\/?page_id=79","name":"Verein - \u00d6AMTC RC R\u00f6this","isPartOf":{"@id":"https:\/\/rc-roethis.at\/#website"},"primaryImageOfPage":{"@id":"https:\/\/rc-roethis.at\/?page_id=79#primaryimage"},"image":{"@id":"https:\/\/rc-roethis.at\/?page_id=79#primaryimage"},"thumbnailUrl":"https:\/\/rc-roethis.at\/wp-content\/uploads\/2024\/01\/IMG_0184_bearbeitet-1024x602.jpg","datePublished":"2017-03-21T07:26:12+00:00","dateModified":"2024-01-08T21:40:55+00:00","breadcrumb":{"@id":"https:\/\/rc-roethis.at\/?page_id=79#breadcrumb"},"inLanguage":"de","potentialAction":[{"@type":"ReadAction","target":["https:\/\/rc-roethis.at\/?page_id=79"]}]},{"@type":"ImageObject","inLanguage":"de","@id":"https:\/\/rc-roethis.at\/?page_id=79#primaryimage","url":"https:\/\/rc-roethis.at\/wp-content\/uploads\/2024\/01\/IMG_0184_bearbeitet-scaled.jpg","contentUrl":"https:\/\/rc-roethis.at\/wp-content\/uploads\/2024\/01\/IMG_0184_bearbeitet-scaled.jpg","width":2560,"height":1505},{"@type":"BreadcrumbList","@id":"https:\/\/rc-roethis.at\/?page_id=79#breadcrumb","itemListElement":[{"@type":"ListItem","position":1,"name":"Startseite","item":"https:\/\/rc-roethis.at\/"},{"@type":"ListItem","position":2,"name":"Verein"}]},{"@type":"WebSite","@id":"https:\/\/rc-roethis.at\/#website","url":"https:\/\/rc-roethis.at\/","name":"\u00d6AMTC RC R\u00f6this","description":"Radsportclub","publisher":{"@id":"https:\/\/rc-roethis.at\/#organization"},"potentialAction":[{"@type":"SearchAction","target":{"@type":"EntryPoint","urlTemplate":"https:\/\/rc-roethis.at\/?s={search_term_string}"},"query-input":{"@type":"PropertyValueSpecification","valueRequired":true,"valueName":"search_term_string"}}],"inLanguage":"de"},{"@type":"Organization","@id":"https:\/\/rc-roethis.at\/#organization","name":"\u00d6AMTC RC R\u00f6this","url":"https:\/\/rc-roethis.at\/","logo":{"@type":"ImageObject","inLanguage":"de","@id":"https:\/\/rc-roethis.at\/#\/schema\/logo\/image\/","url":"https:\/\/rc-roethis.at\/wp-content\/uploads\/2024\/01\/cropped-RC-Roethis_Logo-1.png","contentUrl":"https:\/\/rc-roethis.at\/wp-content\/uploads\/2024\/01\/cropped-RC-Roethis_Logo-1.png","width":248,"height":206,"caption":"\u00d6AMTC RC R\u00f6this"},"image":{"@id":"https:\/\/rc-roethis.at\/#\/schema\/logo\/image\/"}}]}},"_links":{"self":[{"href":"https:\/\/rc-roethis.at\/index.php?rest_route=\/wp\/v2\/pages\/79","targetHints":{"allow":["GET"]}}],"collection":[{"href":"https:\/\/rc-roethis.at\/index.php?rest_route=\/wp\/v2\/pages"}],"about":[{"href":"https:\/\/rc-roethis.at\/index.php?rest_route=\/wp\/v2\/types\/page"}],"author":[{"embeddable":true,"href":"https:\/\/rc-roethis.at\/index.php?rest_route=\/wp\/v2\/users\/2"}],"replies":[{"embeddable":true,"href":"https:\/\/rc-roethis.at\/index.php?rest_route=%2Fwp%2Fv2%2Fcomments&post=79"}],"version-history":[{"count":8,"href":"https:\/\/rc-roethis.at\/index.php?rest_route=\/wp\/v2\/pages\/79\/revisions"}],"predecessor-version":[{"id":4270,"href":"https:\/\/rc-roethis.at\/index.php?rest_route=\/wp\/v2\/pages\/79\/revisions\/4270"}],"wp:attachment":[{"href":"https:\/\/rc-roethis.at\/index.php?rest_route=%2Fwp%2Fv2%2Fmedia&parent=79"}],"curies":[{"name":"wp","href":"https:\/\/api.w.org\/{rel}","templated":true}]}}