{"id":498,"date":"2017-03-24T08:40:15","date_gmt":"2017-03-24T07:40:15","guid":{"rendered":"http:\/\/rc-roethis.at\/?page_id=498"},"modified":"2024-01-06T16:33:25","modified_gmt":"2024-01-06T15:33:25","slug":"kontakt-2","status":"publish","type":"page","link":"https:\/\/rc-roethis.at\/?page_id=498","title":{"rendered":"Kontakt"},"content":{"rendered":"\n<div class=\"wp-block-columns is-layout-flex wp-container-core-columns-is-layout-9d6595d7 wp-block-columns-is-layout-flex\">\n<div class=\"wp-block-column is-layout-flow wp-block-column-is-layout-flow\" style=\"flex-basis:100%\">\n<p>RC R\u00f6this<br>Sandra Fritsch<br>Austra\u00dfe 3<br>6832 Sulz-R\u00f6this<\/p>\n\n\n\n<p>Email: <a href=\"mailto:info@rc-roethis.at\">info@rc-roethis.at<\/a><\/p>\n<\/div>\n<\/div>\n","protected":false},"excerpt":{"rendered":"<p>RC R\u00f6thisSandra FritschAustra\u00dfe 36832 Sulz-R\u00f6this Email: info@rc-roethis.at<\/p>\n","protected":false},"author":2,"featured_media":0,"parent":0,"menu_order":0,"comment_status":"closed","ping_status":"closed","template":"","meta":{"ngg_post_thumbnail":0,"footnotes":""},"class_list":["post-498","page","type-page","status-publish","hentry"],"yoast_head":"<!-- This site is optimized with the Yoast SEO plugin v27.2 - https:\/\/yoast.com\/product\/yoast-seo-wordpress\/ -->\n<title>Kontakt - \u00d6AMTC RC R\u00f6this<\/title>\n<meta name=\"robots\" content=\"index, follow, max-snippet:-1, max-image-preview:large, max-video-preview:-1\" \/>\n<link rel=\"canonical\" href=\"https:\/\/rc-roethis.at\/?page_id=498\" \/>\n<meta property=\"og:locale\" content=\"de_DE\" \/>\n<meta property=\"og:type\" content=\"article\" \/>\n<meta property=\"og:title\" content=\"Kontakt - \u00d6AMTC RC R\u00f6this\" \/>\n<meta property=\"og:description\" content=\"RC R\u00f6thisSandra FritschAustra\u00dfe 36832 Sulz-R\u00f6this Email: info@rc-roethis.at\" \/>\n<meta property=\"og:url\" content=\"https:\/\/rc-roethis.at\/?page_id=498\" \/>\n<meta property=\"og:site_name\" content=\"\u00d6AMTC RC R\u00f6this\" \/>\n<meta property=\"article:modified_time\" content=\"2024-01-06T15:33:25+00:00\" \/>\n<meta name=\"twitter:card\" content=\"summary_large_image\" \/>\n<meta name=\"twitter:label1\" content=\"Gesch\u00e4tzte Lesezeit\" \/>\n\t<meta name=\"twitter:data1\" content=\"1\u00a0Minute\" \/>\n<script type=\"application\/ld+json\" class=\"yoast-schema-graph\">{\"@context\":\"https:\/\/schema.org\",\"@graph\":[{\"@type\":\"WebPage\",\"@id\":\"https:\/\/rc-roethis.at\/?page_id=498\",\"url\":\"https:\/\/rc-roethis.at\/?page_id=498\",\"name\":\"Kontakt - \u00d6AMTC RC R\u00f6this\",\"isPartOf\":{\"@id\":\"https:\/\/rc-roethis.at\/#website\"},\"datePublished\":\"2017-03-24T07:40:15+00:00\",\"dateModified\":\"2024-01-06T15:33:25+00:00\",\"breadcrumb\":{\"@id\":\"https:\/\/rc-roethis.at\/?page_id=498#breadcrumb\"},\"inLanguage\":\"de\",\"potentialAction\":[{\"@type\":\"ReadAction\",\"target\":[\"https:\/\/rc-roethis.at\/?page_id=498\"]}]},{\"@type\":\"BreadcrumbList\",\"@id\":\"https:\/\/rc-roethis.at\/?page_id=498#breadcrumb\",\"itemListElement\":[{\"@type\":\"ListItem\",\"position\":1,\"name\":\"Startseite\",\"item\":\"https:\/\/rc-roethis.at\/\"},{\"@type\":\"ListItem\",\"position\":2,\"name\":\"Kontakt\"}]},{\"@type\":\"WebSite\",\"@id\":\"https:\/\/rc-roethis.at\/#website\",\"url\":\"https:\/\/rc-roethis.at\/\",\"name\":\"\u00d6AMTC RC R\u00f6this\",\"description\":\"Radsportclub\",\"publisher\":{\"@id\":\"https:\/\/rc-roethis.at\/#organization\"},\"potentialAction\":[{\"@type\":\"SearchAction\",\"target\":{\"@type\":\"EntryPoint\",\"urlTemplate\":\"https:\/\/rc-roethis.at\/?s={search_term_string}\"},\"query-input\":{\"@type\":\"PropertyValueSpecification\",\"valueRequired\":true,\"valueName\":\"search_term_string\"}}],\"inLanguage\":\"de\"},{\"@type\":\"Organization\",\"@id\":\"https:\/\/rc-roethis.at\/#organization\",\"name\":\"\u00d6AMTC RC R\u00f6this\",\"url\":\"https:\/\/rc-roethis.at\/\",\"logo\":{\"@type\":\"ImageObject\",\"inLanguage\":\"de\",\"@id\":\"https:\/\/rc-roethis.at\/#\/schema\/logo\/image\/\",\"url\":\"https:\/\/rc-roethis.at\/wp-content\/uploads\/2024\/01\/cropped-RC-Roethis_Logo-1.png\",\"contentUrl\":\"https:\/\/rc-roethis.at\/wp-content\/uploads\/2024\/01\/cropped-RC-Roethis_Logo-1.png\",\"width\":248,\"height\":206,\"caption\":\"\u00d6AMTC RC R\u00f6this\"},\"image\":{\"@id\":\"https:\/\/rc-roethis.at\/#\/schema\/logo\/image\/\"}}]}<\/script>\n<!-- \/ Yoast SEO plugin. -->","yoast_head_json":{"title":"Kontakt - \u00d6AMTC RC R\u00f6this","robots":{"index":"index","follow":"follow","max-snippet":"max-snippet:-1","max-image-preview":"max-image-preview:large","max-video-preview":"max-video-preview:-1"},"canonical":"https:\/\/rc-roethis.at\/?page_id=498","og_locale":"de_DE","og_type":"article","og_title":"Kontakt - \u00d6AMTC RC R\u00f6this","og_description":"RC R\u00f6thisSandra FritschAustra\u00dfe 36832 Sulz-R\u00f6this Email: info@rc-roethis.at","og_url":"https:\/\/rc-roethis.at\/?page_id=498","og_site_name":"\u00d6AMTC RC R\u00f6this","article_modified_time":"2024-01-06T15:33:25+00:00","twitter_card":"summary_large_image","twitter_misc":{"Gesch\u00e4tzte Lesezeit":"1\u00a0Minute"},"schema":{"@context":"https:\/\/schema.org","@graph":[{"@type":"WebPage","@id":"https:\/\/rc-roethis.at\/?page_id=498","url":"https:\/\/rc-roethis.at\/?page_id=498","name":"Kontakt - \u00d6AMTC RC R\u00f6this","isPartOf":{"@id":"https:\/\/rc-roethis.at\/#website"},"datePublished":"2017-03-24T07:40:15+00:00","dateModified":"2024-01-06T15:33:25+00:00","breadcrumb":{"@id":"https:\/\/rc-roethis.at\/?page_id=498#breadcrumb"},"inLanguage":"de","potentialAction":[{"@type":"ReadAction","target":["https:\/\/rc-roethis.at\/?page_id=498"]}]},{"@type":"BreadcrumbList","@id":"https:\/\/rc-roethis.at\/?page_id=498#breadcrumb","itemListElement":[{"@type":"ListItem","position":1,"name":"Startseite","item":"https:\/\/rc-roethis.at\/"},{"@type":"ListItem","position":2,"name":"Kontakt"}]},{"@type":"WebSite","@id":"https:\/\/rc-roethis.at\/#website","url":"https:\/\/rc-roethis.at\/","name":"\u00d6AMTC RC R\u00f6this","description":"Radsportclub","publisher":{"@id":"https:\/\/rc-roethis.at\/#organization"},"potentialAction":[{"@type":"SearchAction","target":{"@type":"EntryPoint","urlTemplate":"https:\/\/rc-roethis.at\/?s={search_term_string}"},"query-input":{"@type":"PropertyValueSpecification","valueRequired":true,"valueName":"search_term_string"}}],"inLanguage":"de"},{"@type":"Organization","@id":"https:\/\/rc-roethis.at\/#organization","name":"\u00d6AMTC RC R\u00f6this","url":"https:\/\/rc-roethis.at\/","logo":{"@type":"ImageObject","inLanguage":"de","@id":"https:\/\/rc-roethis.at\/#\/schema\/logo\/image\/","url":"https:\/\/rc-roethis.at\/wp-content\/uploads\/2024\/01\/cropped-RC-Roethis_Logo-1.png","contentUrl":"https:\/\/rc-roethis.at\/wp-content\/uploads\/2024\/01\/cropped-RC-Roethis_Logo-1.png","width":248,"height":206,"caption":"\u00d6AMTC RC R\u00f6this"},"image":{"@id":"https:\/\/rc-roethis.at\/#\/schema\/logo\/image\/"}}]}},"_links":{"self":[{"href":"https:\/\/rc-roethis.at\/index.php?rest_route=\/wp\/v2\/pages\/498","targetHints":{"allow":["GET"]}}],"collection":[{"href":"https:\/\/rc-roethis.at\/index.php?rest_route=\/wp\/v2\/pages"}],"about":[{"href":"https:\/\/rc-roethis.at\/index.php?rest_route=\/wp\/v2\/types\/page"}],"author":[{"embeddable":true,"href":"https:\/\/rc-roethis.at\/index.php?rest_route=\/wp\/v2\/users\/2"}],"replies":[{"embeddable":true,"href":"https:\/\/rc-roethis.at\/index.php?rest_route=%2Fwp%2Fv2%2Fcomments&post=498"}],"version-history":[{"count":15,"href":"https:\/\/rc-roethis.at\/index.php?rest_route=\/wp\/v2\/pages\/498\/revisions"}],"predecessor-version":[{"id":4202,"href":"https:\/\/rc-roethis.at\/index.php?rest_route=\/wp\/v2\/pages\/498\/revisions\/4202"}],"wp:attachment":[{"href":"https:\/\/rc-roethis.at\/index.php?rest_route=%2Fwp%2Fv2%2Fmedia&parent=498"}],"curies":[{"name":"wp","href":"https:\/\/api.w.org\/{rel}","templated":true}]}}