{"id":2324,"date":"2019-01-16T12:56:18","date_gmt":"2019-01-16T11:56:18","guid":{"rendered":"http:\/\/rc-roethis.at\/?page_id=2324"},"modified":"2026-03-17T08:49:25","modified_gmt":"2026-03-17T07:49:25","slug":"impressum-und-datenschutz","status":"publish","type":"page","link":"https:\/\/rc-roethis.at\/?page_id=2324","title":{"rendered":"Impressum und Datenschutz"},"content":{"rendered":"\n<p><strong><a href=\"http:\/\/rc-roethis.at\/daten\/DSGVO\/Informationspflichten des Vereins nach Artikel 13 und 14 DSGVO_2024.pdf\" target=\"_blank\" rel=\"noreferrer noopener\">Informationspflichten des Vereins nach Artikel 13 und 14 DSGVO<\/a><\/strong><\/p>\n\n\n\n<p><\/p>\n","protected":false},"excerpt":{"rendered":"<p>Informationspflichten des Vereins nach Artikel 13 und 14 DSGVO<\/p>\n","protected":false},"author":2,"featured_media":0,"parent":79,"menu_order":0,"comment_status":"closed","ping_status":"closed","template":"","meta":{"ngg_post_thumbnail":0,"footnotes":""},"class_list":["post-2324","page","type-page","status-publish","hentry"],"yoast_head":"<!-- This site is optimized with the Yoast SEO plugin v27.2 - https:\/\/yoast.com\/product\/yoast-seo-wordpress\/ -->\n<title>Impressum und Datenschutz - \u00d6AMTC RC R\u00f6this<\/title>\n<meta name=\"robots\" content=\"index, follow, max-snippet:-1, max-image-preview:large, max-video-preview:-1\" \/>\n<link rel=\"canonical\" href=\"https:\/\/rc-roethis.at\/?page_id=2324\" \/>\n<meta property=\"og:locale\" content=\"de_DE\" \/>\n<meta property=\"og:type\" content=\"article\" \/>\n<meta property=\"og:title\" content=\"Impressum und Datenschutz - \u00d6AMTC RC R\u00f6this\" \/>\n<meta property=\"og:description\" content=\"Informationspflichten des Vereins nach Artikel 13 und 14 DSGVO\" \/>\n<meta property=\"og:url\" content=\"https:\/\/rc-roethis.at\/?page_id=2324\" \/>\n<meta property=\"og:site_name\" content=\"\u00d6AMTC RC R\u00f6this\" \/>\n<meta property=\"article:modified_time\" content=\"2026-03-17T07:49:25+00:00\" \/>\n<meta name=\"twitter:card\" content=\"summary_large_image\" \/>\n<meta name=\"twitter:label1\" content=\"Gesch\u00e4tzte Lesezeit\" \/>\n\t<meta name=\"twitter:data1\" content=\"1\u00a0Minute\" \/>\n<script type=\"application\/ld+json\" class=\"yoast-schema-graph\">{\"@context\":\"https:\/\/schema.org\",\"@graph\":[{\"@type\":\"WebPage\",\"@id\":\"https:\/\/rc-roethis.at\/?page_id=2324\",\"url\":\"https:\/\/rc-roethis.at\/?page_id=2324\",\"name\":\"Impressum und Datenschutz - \u00d6AMTC RC R\u00f6this\",\"isPartOf\":{\"@id\":\"https:\/\/rc-roethis.at\/#website\"},\"datePublished\":\"2019-01-16T11:56:18+00:00\",\"dateModified\":\"2026-03-17T07:49:25+00:00\",\"breadcrumb\":{\"@id\":\"https:\/\/rc-roethis.at\/?page_id=2324#breadcrumb\"},\"inLanguage\":\"de\",\"potentialAction\":[{\"@type\":\"ReadAction\",\"target\":[\"https:\/\/rc-roethis.at\/?page_id=2324\"]}]},{\"@type\":\"BreadcrumbList\",\"@id\":\"https:\/\/rc-roethis.at\/?page_id=2324#breadcrumb\",\"itemListElement\":[{\"@type\":\"ListItem\",\"position\":1,\"name\":\"Startseite\",\"item\":\"https:\/\/rc-roethis.at\/\"},{\"@type\":\"ListItem\",\"position\":2,\"name\":\"Verein\",\"item\":\"https:\/\/rc-roethis.at\/?page_id=79\"},{\"@type\":\"ListItem\",\"position\":3,\"name\":\"Impressum und Datenschutz\"}]},{\"@type\":\"WebSite\",\"@id\":\"https:\/\/rc-roethis.at\/#website\",\"url\":\"https:\/\/rc-roethis.at\/\",\"name\":\"\u00d6AMTC RC R\u00f6this\",\"description\":\"Radsportclub\",\"publisher\":{\"@id\":\"https:\/\/rc-roethis.at\/#organization\"},\"potentialAction\":[{\"@type\":\"SearchAction\",\"target\":{\"@type\":\"EntryPoint\",\"urlTemplate\":\"https:\/\/rc-roethis.at\/?s={search_term_string}\"},\"query-input\":{\"@type\":\"PropertyValueSpecification\",\"valueRequired\":true,\"valueName\":\"search_term_string\"}}],\"inLanguage\":\"de\"},{\"@type\":\"Organization\",\"@id\":\"https:\/\/rc-roethis.at\/#organization\",\"name\":\"\u00d6AMTC RC R\u00f6this\",\"url\":\"https:\/\/rc-roethis.at\/\",\"logo\":{\"@type\":\"ImageObject\",\"inLanguage\":\"de\",\"@id\":\"https:\/\/rc-roethis.at\/#\/schema\/logo\/image\/\",\"url\":\"https:\/\/rc-roethis.at\/wp-content\/uploads\/2024\/01\/cropped-RC-Roethis_Logo-1.png\",\"contentUrl\":\"https:\/\/rc-roethis.at\/wp-content\/uploads\/2024\/01\/cropped-RC-Roethis_Logo-1.png\",\"width\":248,\"height\":206,\"caption\":\"\u00d6AMTC RC R\u00f6this\"},\"image\":{\"@id\":\"https:\/\/rc-roethis.at\/#\/schema\/logo\/image\/\"}}]}<\/script>\n<!-- \/ Yoast SEO plugin. -->","yoast_head_json":{"title":"Impressum und Datenschutz - \u00d6AMTC RC R\u00f6this","robots":{"index":"index","follow":"follow","max-snippet":"max-snippet:-1","max-image-preview":"max-image-preview:large","max-video-preview":"max-video-preview:-1"},"canonical":"https:\/\/rc-roethis.at\/?page_id=2324","og_locale":"de_DE","og_type":"article","og_title":"Impressum und Datenschutz - \u00d6AMTC RC R\u00f6this","og_description":"Informationspflichten des Vereins nach Artikel 13 und 14 DSGVO","og_url":"https:\/\/rc-roethis.at\/?page_id=2324","og_site_name":"\u00d6AMTC RC R\u00f6this","article_modified_time":"2026-03-17T07:49:25+00:00","twitter_card":"summary_large_image","twitter_misc":{"Gesch\u00e4tzte Lesezeit":"1\u00a0Minute"},"schema":{"@context":"https:\/\/schema.org","@graph":[{"@type":"WebPage","@id":"https:\/\/rc-roethis.at\/?page_id=2324","url":"https:\/\/rc-roethis.at\/?page_id=2324","name":"Impressum und Datenschutz - \u00d6AMTC RC R\u00f6this","isPartOf":{"@id":"https:\/\/rc-roethis.at\/#website"},"datePublished":"2019-01-16T11:56:18+00:00","dateModified":"2026-03-17T07:49:25+00:00","breadcrumb":{"@id":"https:\/\/rc-roethis.at\/?page_id=2324#breadcrumb"},"inLanguage":"de","potentialAction":[{"@type":"ReadAction","target":["https:\/\/rc-roethis.at\/?page_id=2324"]}]},{"@type":"BreadcrumbList","@id":"https:\/\/rc-roethis.at\/?page_id=2324#breadcrumb","itemListElement":[{"@type":"ListItem","position":1,"name":"Startseite","item":"https:\/\/rc-roethis.at\/"},{"@type":"ListItem","position":2,"name":"Verein","item":"https:\/\/rc-roethis.at\/?page_id=79"},{"@type":"ListItem","position":3,"name":"Impressum und Datenschutz"}]},{"@type":"WebSite","@id":"https:\/\/rc-roethis.at\/#website","url":"https:\/\/rc-roethis.at\/","name":"\u00d6AMTC RC R\u00f6this","description":"Radsportclub","publisher":{"@id":"https:\/\/rc-roethis.at\/#organization"},"potentialAction":[{"@type":"SearchAction","target":{"@type":"EntryPoint","urlTemplate":"https:\/\/rc-roethis.at\/?s={search_term_string}"},"query-input":{"@type":"PropertyValueSpecification","valueRequired":true,"valueName":"search_term_string"}}],"inLanguage":"de"},{"@type":"Organization","@id":"https:\/\/rc-roethis.at\/#organization","name":"\u00d6AMTC RC R\u00f6this","url":"https:\/\/rc-roethis.at\/","logo":{"@type":"ImageObject","inLanguage":"de","@id":"https:\/\/rc-roethis.at\/#\/schema\/logo\/image\/","url":"https:\/\/rc-roethis.at\/wp-content\/uploads\/2024\/01\/cropped-RC-Roethis_Logo-1.png","contentUrl":"https:\/\/rc-roethis.at\/wp-content\/uploads\/2024\/01\/cropped-RC-Roethis_Logo-1.png","width":248,"height":206,"caption":"\u00d6AMTC RC R\u00f6this"},"image":{"@id":"https:\/\/rc-roethis.at\/#\/schema\/logo\/image\/"}}]}},"_links":{"self":[{"href":"https:\/\/rc-roethis.at\/index.php?rest_route=\/wp\/v2\/pages\/2324","targetHints":{"allow":["GET"]}}],"collection":[{"href":"https:\/\/rc-roethis.at\/index.php?rest_route=\/wp\/v2\/pages"}],"about":[{"href":"https:\/\/rc-roethis.at\/index.php?rest_route=\/wp\/v2\/types\/page"}],"author":[{"embeddable":true,"href":"https:\/\/rc-roethis.at\/index.php?rest_route=\/wp\/v2\/users\/2"}],"replies":[{"embeddable":true,"href":"https:\/\/rc-roethis.at\/index.php?rest_route=%2Fwp%2Fv2%2Fcomments&post=2324"}],"version-history":[{"count":4,"href":"https:\/\/rc-roethis.at\/index.php?rest_route=\/wp\/v2\/pages\/2324\/revisions"}],"predecessor-version":[{"id":4656,"href":"https:\/\/rc-roethis.at\/index.php?rest_route=\/wp\/v2\/pages\/2324\/revisions\/4656"}],"up":[{"embeddable":true,"href":"https:\/\/rc-roethis.at\/index.php?rest_route=\/wp\/v2\/pages\/79"}],"wp:attachment":[{"href":"https:\/\/rc-roethis.at\/index.php?rest_route=%2Fwp%2Fv2%2Fmedia&parent=2324"}],"curies":[{"name":"wp","href":"https:\/\/api.w.org\/{rel}","templated":true}]}}