{"id":2,"date":"2017-03-20T16:54:29","date_gmt":"2017-03-20T15:54:29","guid":{"rendered":"http:\/\/www.rc-roethis.at\/Wordpress0815\/?page_id=2"},"modified":"2025-02-15T15:18:02","modified_gmt":"2025-02-15T14:18:02","slug":"sample-page","status":"publish","type":"page","link":"https:\/\/rc-roethis.at\/","title":{"rendered":"Herzlich Willkommen &#8230;"},"content":{"rendered":"\n<p>&#8230; auf der Website des RC R\u00f6this.<\/p>\n\n\n\n<p>Sch\u00f6n, dass Ihr da seid!<\/p>\n\n\n\n<p>Hier findet ihr alle Informationen rund um unseren Verein.<\/p>\n\n\n\n<p>Wenn Ihr etwas vermissen oder Fragen haben solltet, kontaktiert uns <a href=\"http:\/\/rc-roethis.at\/?page_id=498\">per Mail.<\/a><\/p>\n","protected":false},"excerpt":{"rendered":"<p>&#8230; auf der Website des RC R\u00f6this. Sch\u00f6n, dass Ihr da seid! Hier findet ihr alle Informationen rund um unseren Verein. Wenn Ihr etwas vermissen oder Fragen haben solltet, kontaktiert uns per Mail.<\/p>\n","protected":false},"author":2,"featured_media":0,"parent":0,"menu_order":0,"comment_status":"closed","ping_status":"open","template":"","meta":{"ngg_post_thumbnail":0,"footnotes":""},"class_list":["post-2","page","type-page","status-publish","hentry"],"yoast_head":"<!-- This site is optimized with the Yoast SEO plugin v27.2 - https:\/\/yoast.com\/product\/yoast-seo-wordpress\/ -->\n<title>Herzlich Willkommen ... - \u00d6AMTC RC R\u00f6this<\/title>\n<meta name=\"robots\" content=\"index, follow, max-snippet:-1, max-image-preview:large, max-video-preview:-1\" \/>\n<link rel=\"canonical\" href=\"https:\/\/rc-roethis.at\/\" \/>\n<meta property=\"og:locale\" content=\"de_DE\" \/>\n<meta property=\"og:type\" content=\"article\" \/>\n<meta property=\"og:title\" content=\"Herzlich Willkommen ... - \u00d6AMTC RC R\u00f6this\" \/>\n<meta property=\"og:description\" content=\"&#8230; auf der Website des RC R\u00f6this. Sch\u00f6n, dass Ihr da seid! Hier findet ihr alle Informationen rund um unseren Verein. Wenn Ihr etwas vermissen oder Fragen haben solltet, kontaktiert uns per Mail.\" \/>\n<meta property=\"og:url\" content=\"https:\/\/rc-roethis.at\/\" \/>\n<meta property=\"og:site_name\" content=\"\u00d6AMTC RC R\u00f6this\" \/>\n<meta property=\"article:modified_time\" content=\"2025-02-15T14:18:02+00:00\" \/>\n<meta name=\"twitter:card\" content=\"summary_large_image\" \/>\n<meta name=\"twitter:label1\" content=\"Gesch\u00e4tzte Lesezeit\" \/>\n\t<meta name=\"twitter:data1\" content=\"1\u00a0Minute\" \/>\n<script type=\"application\/ld+json\" class=\"yoast-schema-graph\">{\"@context\":\"https:\/\/schema.org\",\"@graph\":[{\"@type\":\"WebPage\",\"@id\":\"https:\/\/rc-roethis.at\/\",\"url\":\"https:\/\/rc-roethis.at\/\",\"name\":\"Herzlich Willkommen ... - \u00d6AMTC RC R\u00f6this\",\"isPartOf\":{\"@id\":\"https:\/\/rc-roethis.at\/#website\"},\"datePublished\":\"2017-03-20T15:54:29+00:00\",\"dateModified\":\"2025-02-15T14:18:02+00:00\",\"breadcrumb\":{\"@id\":\"https:\/\/rc-roethis.at\/#breadcrumb\"},\"inLanguage\":\"de\",\"potentialAction\":[{\"@type\":\"ReadAction\",\"target\":[\"https:\/\/rc-roethis.at\/\"]}]},{\"@type\":\"BreadcrumbList\",\"@id\":\"https:\/\/rc-roethis.at\/#breadcrumb\",\"itemListElement\":[{\"@type\":\"ListItem\",\"position\":1,\"name\":\"Startseite\",\"item\":\"https:\/\/rc-roethis.at\/\"},{\"@type\":\"ListItem\",\"position\":2,\"name\":\"Herzlich Willkommen &#8230;\"}]},{\"@type\":\"WebSite\",\"@id\":\"https:\/\/rc-roethis.at\/#website\",\"url\":\"https:\/\/rc-roethis.at\/\",\"name\":\"\u00d6AMTC RC R\u00f6this\",\"description\":\"Radsportclub\",\"publisher\":{\"@id\":\"https:\/\/rc-roethis.at\/#organization\"},\"potentialAction\":[{\"@type\":\"SearchAction\",\"target\":{\"@type\":\"EntryPoint\",\"urlTemplate\":\"https:\/\/rc-roethis.at\/?s={search_term_string}\"},\"query-input\":{\"@type\":\"PropertyValueSpecification\",\"valueRequired\":true,\"valueName\":\"search_term_string\"}}],\"inLanguage\":\"de\"},{\"@type\":\"Organization\",\"@id\":\"https:\/\/rc-roethis.at\/#organization\",\"name\":\"\u00d6AMTC RC R\u00f6this\",\"url\":\"https:\/\/rc-roethis.at\/\",\"logo\":{\"@type\":\"ImageObject\",\"inLanguage\":\"de\",\"@id\":\"https:\/\/rc-roethis.at\/#\/schema\/logo\/image\/\",\"url\":\"https:\/\/rc-roethis.at\/wp-content\/uploads\/2024\/01\/cropped-RC-Roethis_Logo-1.png\",\"contentUrl\":\"https:\/\/rc-roethis.at\/wp-content\/uploads\/2024\/01\/cropped-RC-Roethis_Logo-1.png\",\"width\":248,\"height\":206,\"caption\":\"\u00d6AMTC RC R\u00f6this\"},\"image\":{\"@id\":\"https:\/\/rc-roethis.at\/#\/schema\/logo\/image\/\"}}]}<\/script>\n<!-- \/ Yoast SEO plugin. -->","yoast_head_json":{"title":"Herzlich Willkommen ... - \u00d6AMTC RC R\u00f6this","robots":{"index":"index","follow":"follow","max-snippet":"max-snippet:-1","max-image-preview":"max-image-preview:large","max-video-preview":"max-video-preview:-1"},"canonical":"https:\/\/rc-roethis.at\/","og_locale":"de_DE","og_type":"article","og_title":"Herzlich Willkommen ... - \u00d6AMTC RC R\u00f6this","og_description":"&#8230; auf der Website des RC R\u00f6this. Sch\u00f6n, dass Ihr da seid! Hier findet ihr alle Informationen rund um unseren Verein. Wenn Ihr etwas vermissen oder Fragen haben solltet, kontaktiert uns per Mail.","og_url":"https:\/\/rc-roethis.at\/","og_site_name":"\u00d6AMTC RC R\u00f6this","article_modified_time":"2025-02-15T14:18:02+00:00","twitter_card":"summary_large_image","twitter_misc":{"Gesch\u00e4tzte Lesezeit":"1\u00a0Minute"},"schema":{"@context":"https:\/\/schema.org","@graph":[{"@type":"WebPage","@id":"https:\/\/rc-roethis.at\/","url":"https:\/\/rc-roethis.at\/","name":"Herzlich Willkommen ... - \u00d6AMTC RC R\u00f6this","isPartOf":{"@id":"https:\/\/rc-roethis.at\/#website"},"datePublished":"2017-03-20T15:54:29+00:00","dateModified":"2025-02-15T14:18:02+00:00","breadcrumb":{"@id":"https:\/\/rc-roethis.at\/#breadcrumb"},"inLanguage":"de","potentialAction":[{"@type":"ReadAction","target":["https:\/\/rc-roethis.at\/"]}]},{"@type":"BreadcrumbList","@id":"https:\/\/rc-roethis.at\/#breadcrumb","itemListElement":[{"@type":"ListItem","position":1,"name":"Startseite","item":"https:\/\/rc-roethis.at\/"},{"@type":"ListItem","position":2,"name":"Herzlich Willkommen &#8230;"}]},{"@type":"WebSite","@id":"https:\/\/rc-roethis.at\/#website","url":"https:\/\/rc-roethis.at\/","name":"\u00d6AMTC RC R\u00f6this","description":"Radsportclub","publisher":{"@id":"https:\/\/rc-roethis.at\/#organization"},"potentialAction":[{"@type":"SearchAction","target":{"@type":"EntryPoint","urlTemplate":"https:\/\/rc-roethis.at\/?s={search_term_string}"},"query-input":{"@type":"PropertyValueSpecification","valueRequired":true,"valueName":"search_term_string"}}],"inLanguage":"de"},{"@type":"Organization","@id":"https:\/\/rc-roethis.at\/#organization","name":"\u00d6AMTC RC R\u00f6this","url":"https:\/\/rc-roethis.at\/","logo":{"@type":"ImageObject","inLanguage":"de","@id":"https:\/\/rc-roethis.at\/#\/schema\/logo\/image\/","url":"https:\/\/rc-roethis.at\/wp-content\/uploads\/2024\/01\/cropped-RC-Roethis_Logo-1.png","contentUrl":"https:\/\/rc-roethis.at\/wp-content\/uploads\/2024\/01\/cropped-RC-Roethis_Logo-1.png","width":248,"height":206,"caption":"\u00d6AMTC RC R\u00f6this"},"image":{"@id":"https:\/\/rc-roethis.at\/#\/schema\/logo\/image\/"}}]}},"_links":{"self":[{"href":"https:\/\/rc-roethis.at\/index.php?rest_route=\/wp\/v2\/pages\/2","targetHints":{"allow":["GET"]}}],"collection":[{"href":"https:\/\/rc-roethis.at\/index.php?rest_route=\/wp\/v2\/pages"}],"about":[{"href":"https:\/\/rc-roethis.at\/index.php?rest_route=\/wp\/v2\/types\/page"}],"author":[{"embeddable":true,"href":"https:\/\/rc-roethis.at\/index.php?rest_route=\/wp\/v2\/users\/2"}],"replies":[{"embeddable":true,"href":"https:\/\/rc-roethis.at\/index.php?rest_route=%2Fwp%2Fv2%2Fcomments&post=2"}],"version-history":[{"count":22,"href":"https:\/\/rc-roethis.at\/index.php?rest_route=\/wp\/v2\/pages\/2\/revisions"}],"predecessor-version":[{"id":4452,"href":"https:\/\/rc-roethis.at\/index.php?rest_route=\/wp\/v2\/pages\/2\/revisions\/4452"}],"wp:attachment":[{"href":"https:\/\/rc-roethis.at\/index.php?rest_route=%2Fwp%2Fv2%2Fmedia&parent=2"}],"curies":[{"name":"wp","href":"https:\/\/api.w.org\/{rel}","templated":true}]}}