{"id":100,"date":"2017-03-21T08:32:59","date_gmt":"2017-03-21T07:32:59","guid":{"rendered":"http:\/\/www.rc-roethis.at\/Wordpress0815\/?page_id=100"},"modified":"2024-10-07T10:40:03","modified_gmt":"2024-10-07T09:40:03","slug":"sponsoren","status":"publish","type":"page","link":"https:\/\/rc-roethis.at\/?page_id=100","title":{"rendered":"Sponsoren"},"content":{"rendered":"\n<p>Besonderer Dank an die Sponsoren des RC-R\u00f6this.<\/p>\n\n\n\n<figure class=\"wp-block-image is-style-default\"><a href=\"http:\/\/www.roethis.at\" target=\"_blank\" rel=\"noopener noreferrer\"><img loading=\"lazy\" decoding=\"async\" width=\"300\" height=\"59\" src=\"http:\/\/rc-roethis.at\/wp-content\/uploads\/2017\/03\/gemeinderoethis_517-300x59.gif\" alt=\"\" class=\"wp-image-430\"\/><\/a><\/figure>\n\n\n\n<figure class=\"wp-block-image\"><a href=\"https:\/\/www.sparkasse.at\/sgruppe\/filialen-oeffungszeiten\/filialsuche\/filiale\/6832-sulz-rothis\/hummelbergstrasse-5\/AT03310010\" target=\"_blank\" rel=\"noopener noreferrer\"><img loading=\"lazy\" decoding=\"async\" width=\"239\" height=\"74\" src=\"https:\/\/rc-roethis.at\/wp-content\/uploads\/2017\/03\/sparkasselogo_517.jpg\" alt=\"\" class=\"wp-image-434\"\/><\/a><\/figure>\n\n\n\n<figure class=\"wp-block-image\"><a href=\"https:\/\/www.raiffeisen.at\/vorarlberg\/raiba-vorderland\/de\/meine-bank\/bankstellen\/sulz.html\" target=\"_blank\" rel=\"noopener noreferrer\"><img loading=\"lazy\" decoding=\"async\" width=\"198\" height=\"51\" src=\"https:\/\/rc-roethis.at\/wp-content\/uploads\/2017\/03\/rbvorderland2ckl_517.jpg\" alt=\"\" class=\"wp-image-432\"\/><\/a><\/figure>\n\n\n\n<figure class=\"wp-block-image\"><a href=\"https:\/\/www.volksbank-vorarlberg.at\/m101\/volksbank\/m001_45710\/de\/filiale\/vorderland.jsp\" target=\"_blank\" rel=\"noopener noreferrer\"><img loading=\"lazy\" decoding=\"async\" width=\"208\" height=\"47\" src=\"https:\/\/rc-roethis.at\/wp-content\/uploads\/2017\/03\/volksbanklogo_517.jpg\" alt=\"\" class=\"wp-image-435\"\/><\/a><\/figure>\n\n\n\n<figure class=\"wp-block-image\"><a href=\"http:\/\/www.oeamtc.at\/\" target=\"_blank\" rel=\"noopener noreferrer\"><img loading=\"lazy\" decoding=\"async\" width=\"160\" height=\"160\" src=\"https:\/\/rc-roethis.at\/wp-content\/uploads\/2017\/03\/oeamtc.jpg\" alt=\"\" class=\"wp-image-431\" srcset=\"https:\/\/rc-roethis.at\/wp-content\/uploads\/2017\/03\/oeamtc.jpg 160w, https:\/\/rc-roethis.at\/wp-content\/uploads\/2017\/03\/oeamtc-150x150.jpg 150w\" sizes=\"auto, (max-width: 160px) 100vw, 160px\" \/><\/a><\/figure>\n","protected":false},"excerpt":{"rendered":"<p>Besonderer Dank an die Sponsoren des RC-R\u00f6this.<\/p>\n","protected":false},"author":2,"featured_media":0,"parent":0,"menu_order":0,"comment_status":"closed","ping_status":"closed","template":"","meta":{"ngg_post_thumbnail":0,"footnotes":""},"class_list":["post-100","page","type-page","status-publish","hentry"],"yoast_head":"<!-- This site is optimized with the Yoast SEO plugin v27.2 - https:\/\/yoast.com\/product\/yoast-seo-wordpress\/ -->\n<title>Sponsoren - \u00d6AMTC RC R\u00f6this<\/title>\n<meta name=\"robots\" content=\"index, follow, max-snippet:-1, max-image-preview:large, max-video-preview:-1\" \/>\n<link rel=\"canonical\" href=\"https:\/\/rc-roethis.at\/?page_id=100\" \/>\n<meta property=\"og:locale\" content=\"de_DE\" \/>\n<meta property=\"og:type\" content=\"article\" \/>\n<meta property=\"og:title\" content=\"Sponsoren - \u00d6AMTC RC R\u00f6this\" \/>\n<meta property=\"og:description\" content=\"Besonderer Dank an die Sponsoren des RC-R\u00f6this.\" \/>\n<meta property=\"og:url\" content=\"https:\/\/rc-roethis.at\/?page_id=100\" \/>\n<meta property=\"og:site_name\" content=\"\u00d6AMTC RC R\u00f6this\" \/>\n<meta property=\"article:modified_time\" content=\"2024-10-07T09:40:03+00:00\" \/>\n<meta property=\"og:image\" content=\"http:\/\/rc-roethis.at\/wp-content\/uploads\/2017\/03\/gemeinderoethis_517-300x59.gif\" \/>\n<meta name=\"twitter:card\" content=\"summary_large_image\" \/>\n<meta name=\"twitter:label1\" content=\"Gesch\u00e4tzte Lesezeit\" \/>\n\t<meta name=\"twitter:data1\" content=\"2\u00a0Minuten\" \/>\n<script type=\"application\/ld+json\" class=\"yoast-schema-graph\">{\"@context\":\"https:\/\/schema.org\",\"@graph\":[{\"@type\":\"WebPage\",\"@id\":\"https:\/\/rc-roethis.at\/?page_id=100\",\"url\":\"https:\/\/rc-roethis.at\/?page_id=100\",\"name\":\"Sponsoren - \u00d6AMTC RC R\u00f6this\",\"isPartOf\":{\"@id\":\"https:\/\/rc-roethis.at\/#website\"},\"primaryImageOfPage\":{\"@id\":\"https:\/\/rc-roethis.at\/?page_id=100#primaryimage\"},\"image\":{\"@id\":\"https:\/\/rc-roethis.at\/?page_id=100#primaryimage\"},\"thumbnailUrl\":\"http:\/\/rc-roethis.at\/wp-content\/uploads\/2017\/03\/gemeinderoethis_517-300x59.gif\",\"datePublished\":\"2017-03-21T07:32:59+00:00\",\"dateModified\":\"2024-10-07T09:40:03+00:00\",\"breadcrumb\":{\"@id\":\"https:\/\/rc-roethis.at\/?page_id=100#breadcrumb\"},\"inLanguage\":\"de\",\"potentialAction\":[{\"@type\":\"ReadAction\",\"target\":[\"https:\/\/rc-roethis.at\/?page_id=100\"]}]},{\"@type\":\"ImageObject\",\"inLanguage\":\"de\",\"@id\":\"https:\/\/rc-roethis.at\/?page_id=100#primaryimage\",\"url\":\"https:\/\/rc-roethis.at\/wp-content\/uploads\/2017\/03\/gemeinderoethis_517.gif\",\"contentUrl\":\"https:\/\/rc-roethis.at\/wp-content\/uploads\/2017\/03\/gemeinderoethis_517.gif\",\"width\":353,\"height\":70},{\"@type\":\"BreadcrumbList\",\"@id\":\"https:\/\/rc-roethis.at\/?page_id=100#breadcrumb\",\"itemListElement\":[{\"@type\":\"ListItem\",\"position\":1,\"name\":\"Startseite\",\"item\":\"https:\/\/rc-roethis.at\/\"},{\"@type\":\"ListItem\",\"position\":2,\"name\":\"Sponsoren\"}]},{\"@type\":\"WebSite\",\"@id\":\"https:\/\/rc-roethis.at\/#website\",\"url\":\"https:\/\/rc-roethis.at\/\",\"name\":\"\u00d6AMTC RC R\u00f6this\",\"description\":\"Radsportclub\",\"publisher\":{\"@id\":\"https:\/\/rc-roethis.at\/#organization\"},\"potentialAction\":[{\"@type\":\"SearchAction\",\"target\":{\"@type\":\"EntryPoint\",\"urlTemplate\":\"https:\/\/rc-roethis.at\/?s={search_term_string}\"},\"query-input\":{\"@type\":\"PropertyValueSpecification\",\"valueRequired\":true,\"valueName\":\"search_term_string\"}}],\"inLanguage\":\"de\"},{\"@type\":\"Organization\",\"@id\":\"https:\/\/rc-roethis.at\/#organization\",\"name\":\"\u00d6AMTC RC R\u00f6this\",\"url\":\"https:\/\/rc-roethis.at\/\",\"logo\":{\"@type\":\"ImageObject\",\"inLanguage\":\"de\",\"@id\":\"https:\/\/rc-roethis.at\/#\/schema\/logo\/image\/\",\"url\":\"https:\/\/rc-roethis.at\/wp-content\/uploads\/2024\/01\/cropped-RC-Roethis_Logo-1.png\",\"contentUrl\":\"https:\/\/rc-roethis.at\/wp-content\/uploads\/2024\/01\/cropped-RC-Roethis_Logo-1.png\",\"width\":248,\"height\":206,\"caption\":\"\u00d6AMTC RC R\u00f6this\"},\"image\":{\"@id\":\"https:\/\/rc-roethis.at\/#\/schema\/logo\/image\/\"}}]}<\/script>\n<!-- \/ Yoast SEO plugin. -->","yoast_head_json":{"title":"Sponsoren - \u00d6AMTC RC R\u00f6this","robots":{"index":"index","follow":"follow","max-snippet":"max-snippet:-1","max-image-preview":"max-image-preview:large","max-video-preview":"max-video-preview:-1"},"canonical":"https:\/\/rc-roethis.at\/?page_id=100","og_locale":"de_DE","og_type":"article","og_title":"Sponsoren - \u00d6AMTC RC R\u00f6this","og_description":"Besonderer Dank an die Sponsoren des RC-R\u00f6this.","og_url":"https:\/\/rc-roethis.at\/?page_id=100","og_site_name":"\u00d6AMTC RC R\u00f6this","article_modified_time":"2024-10-07T09:40:03+00:00","og_image":[{"url":"http:\/\/rc-roethis.at\/wp-content\/uploads\/2017\/03\/gemeinderoethis_517-300x59.gif","type":"","width":"","height":""}],"twitter_card":"summary_large_image","twitter_misc":{"Gesch\u00e4tzte Lesezeit":"2\u00a0Minuten"},"schema":{"@context":"https:\/\/schema.org","@graph":[{"@type":"WebPage","@id":"https:\/\/rc-roethis.at\/?page_id=100","url":"https:\/\/rc-roethis.at\/?page_id=100","name":"Sponsoren - \u00d6AMTC RC R\u00f6this","isPartOf":{"@id":"https:\/\/rc-roethis.at\/#website"},"primaryImageOfPage":{"@id":"https:\/\/rc-roethis.at\/?page_id=100#primaryimage"},"image":{"@id":"https:\/\/rc-roethis.at\/?page_id=100#primaryimage"},"thumbnailUrl":"http:\/\/rc-roethis.at\/wp-content\/uploads\/2017\/03\/gemeinderoethis_517-300x59.gif","datePublished":"2017-03-21T07:32:59+00:00","dateModified":"2024-10-07T09:40:03+00:00","breadcrumb":{"@id":"https:\/\/rc-roethis.at\/?page_id=100#breadcrumb"},"inLanguage":"de","potentialAction":[{"@type":"ReadAction","target":["https:\/\/rc-roethis.at\/?page_id=100"]}]},{"@type":"ImageObject","inLanguage":"de","@id":"https:\/\/rc-roethis.at\/?page_id=100#primaryimage","url":"https:\/\/rc-roethis.at\/wp-content\/uploads\/2017\/03\/gemeinderoethis_517.gif","contentUrl":"https:\/\/rc-roethis.at\/wp-content\/uploads\/2017\/03\/gemeinderoethis_517.gif","width":353,"height":70},{"@type":"BreadcrumbList","@id":"https:\/\/rc-roethis.at\/?page_id=100#breadcrumb","itemListElement":[{"@type":"ListItem","position":1,"name":"Startseite","item":"https:\/\/rc-roethis.at\/"},{"@type":"ListItem","position":2,"name":"Sponsoren"}]},{"@type":"WebSite","@id":"https:\/\/rc-roethis.at\/#website","url":"https:\/\/rc-roethis.at\/","name":"\u00d6AMTC RC R\u00f6this","description":"Radsportclub","publisher":{"@id":"https:\/\/rc-roethis.at\/#organization"},"potentialAction":[{"@type":"SearchAction","target":{"@type":"EntryPoint","urlTemplate":"https:\/\/rc-roethis.at\/?s={search_term_string}"},"query-input":{"@type":"PropertyValueSpecification","valueRequired":true,"valueName":"search_term_string"}}],"inLanguage":"de"},{"@type":"Organization","@id":"https:\/\/rc-roethis.at\/#organization","name":"\u00d6AMTC RC R\u00f6this","url":"https:\/\/rc-roethis.at\/","logo":{"@type":"ImageObject","inLanguage":"de","@id":"https:\/\/rc-roethis.at\/#\/schema\/logo\/image\/","url":"https:\/\/rc-roethis.at\/wp-content\/uploads\/2024\/01\/cropped-RC-Roethis_Logo-1.png","contentUrl":"https:\/\/rc-roethis.at\/wp-content\/uploads\/2024\/01\/cropped-RC-Roethis_Logo-1.png","width":248,"height":206,"caption":"\u00d6AMTC RC R\u00f6this"},"image":{"@id":"https:\/\/rc-roethis.at\/#\/schema\/logo\/image\/"}}]}},"_links":{"self":[{"href":"https:\/\/rc-roethis.at\/index.php?rest_route=\/wp\/v2\/pages\/100","targetHints":{"allow":["GET"]}}],"collection":[{"href":"https:\/\/rc-roethis.at\/index.php?rest_route=\/wp\/v2\/pages"}],"about":[{"href":"https:\/\/rc-roethis.at\/index.php?rest_route=\/wp\/v2\/types\/page"}],"author":[{"embeddable":true,"href":"https:\/\/rc-roethis.at\/index.php?rest_route=\/wp\/v2\/users\/2"}],"replies":[{"embeddable":true,"href":"https:\/\/rc-roethis.at\/index.php?rest_route=%2Fwp%2Fv2%2Fcomments&post=100"}],"version-history":[{"count":23,"href":"https:\/\/rc-roethis.at\/index.php?rest_route=\/wp\/v2\/pages\/100\/revisions"}],"predecessor-version":[{"id":4435,"href":"https:\/\/rc-roethis.at\/index.php?rest_route=\/wp\/v2\/pages\/100\/revisions\/4435"}],"wp:attachment":[{"href":"https:\/\/rc-roethis.at\/index.php?rest_route=%2Fwp%2Fv2%2Fmedia&parent=100"}],"curies":[{"name":"wp","href":"https:\/\/api.w.org\/{rel}","templated":true}]}}